{"id":17409,"date":"2024-12-16T10:31:55","date_gmt":"2024-12-16T09:31:55","guid":{"rendered":"https:\/\/cupset.app\/?page_id=17409"},"modified":"2025-02-21T13:03:46","modified_gmt":"2025-02-21T12:03:46","slug":"about-cupset","status":"publish","type":"page","link":"https:\/\/cupset.app\/de\/about-cupset\/","title":{"rendered":"\u00dcber Cupset"},"content":{"rendered":"<div data-elementor-type=\"wp-page\" data-elementor-id=\"17409\" class=\"elementor elementor-17409\" data-elementor-post-type=\"page\">\n\t\t\t\t<div class=\"elementor-element elementor-element-a956ac6 e-flex e-con-boxed e-con e-parent\" data-id=\"a956ac6\" data-element_type=\"container\" data-e-type=\"container\" data-settings=\"{&quot;enable_offcanvas&quot;:&quot;label_off&quot;}\">\n\t\t\t\t\t<div class=\"e-con-inner\">\n\t\t\t\t<div class=\"elementor-element elementor-element-af2be2f elementor-widget elementor-widget-heading\" data-id=\"af2be2f\" data-element_type=\"widget\" data-e-type=\"widget\" data-widget_type=\"heading.default\">\n\t\t\t\t\t<h2 class=\"elementor-heading-title elementor-size-default\">Funktionen und Vorteile\u200b<\/h2>\t\t\t\t<\/div>\n\t\t\t\t\t<\/div>\n\t\t\t\t<\/div>\n\t\t<div class=\"elementor-element elementor-element-0cc5407 e-flex e-con-boxed e-con e-parent\" data-id=\"0cc5407\" data-element_type=\"container\" data-e-type=\"container\" data-settings=\"{&quot;enable_offcanvas&quot;:&quot;label_off&quot;}\">\n\t\t\t\t\t<div class=\"e-con-inner\">\n\t\t<div class=\"elementor-element elementor-element-64eff01 e-con-full e-flex e-con e-child\" data-id=\"64eff01\" data-element_type=\"container\" data-e-type=\"container\" data-settings=\"{&quot;enable_offcanvas&quot;:&quot;label_off&quot;}\">\n\t\t\t\t<div class=\"elementor-element elementor-element-0e4f7cb elementor-widget__width-inherit elementor-widget elementor-widget-eead-feature-list\" data-id=\"0e4f7cb\" data-element_type=\"widget\" data-e-type=\"widget\" data-widget_type=\"eead-feature-list.default\">\n\t\t\t\t<div class=\"elementor-widget-container\">\n\t\t\t\t\t        <div class=\"eead-feature-list\">\n            <ul class=\"eead-feature-list-items eead-fl-style-default\">\n                                    <li class=\"eead-fl-item elementor-repeater-item-358843c\">\n                        <div class=\"eead-fl-icon-box\">\n                            <span >\n                                <i aria-hidden=\"true\" class=\"pi-icon pi-icon-ai-brain\"><\/i>                            <\/span>\n                        <\/div>\n\n                        <div class=\"eead-fl-content-box\">\n                                                            <h4 class=\"eead-fl-title\">\n                                    <span >\n                                        KI-gesteuerte Preisgestaltungs-Software                                    <\/span>\n                                <\/h4>\n                            \n                            \n                                                            <div class=\"eead-fl-content\">\n                                    Unterst\u00fctzt verschiedene Strategien (z. B. wettbewerbsf\u00e4hig, formelbasiert, wertbasiert) \u00fcber M\u00e4rkte, Gesch\u00e4ftsbereiche und Vertriebskan\u00e4le hinweg.                                <\/div>\n                                                    <\/div>\n                    <\/li>\n                                        <li class=\"eead-fl-item elementor-repeater-item-b20bab1\">\n                        <div class=\"eead-fl-icon-box\">\n                            <span >\n                                <i aria-hidden=\"true\" class=\"pi-icon pi-icon-accounting\"><\/i>                            <\/span>\n                        <\/div>\n\n                        <div class=\"eead-fl-content-box\">\n                                                            <h4 class=\"eead-fl-title\">\n                                    <span >\n                                        Preisanpassungen in Echtzeit                                    <\/span>\n                                <\/h4>\n                            \n                            \n                                                            <div class=\"eead-fl-content translation-block\">Automatische Anpassung an aktuelle und zuk\u00fcnftige Rohstoffkosten.\u200b<\/div>\n                                                    <\/div>\n                    <\/li>\n                                        <li class=\"eead-fl-item elementor-repeater-item-92ecda2\">\n                        <div class=\"eead-fl-icon-box\">\n                            <span >\n                                <i aria-hidden=\"true\" class=\"pi-icon pi-icon-analysis\"><\/i>                            <\/span>\n                        <\/div>\n\n                        <div class=\"eead-fl-content-box\">\n                                                            <h4 class=\"eead-fl-title\">\n                                    <span >\n                                        Inline-Analyse                                    <\/span>\n                                <\/h4>\n                            \n                            \n                                                            <div class=\"eead-fl-content translation-block\">Erm\u00f6glichen Sie datengesteuerte Entscheidungen, steigern Sie die Effizienz und schaffen Sie Zeit\nf\u00fcr die Kundenbindung.<\/div>\n                                                    <\/div>\n                    <\/li>\n                                <\/ul>\n        <\/div>\n        \t\t\t\t<\/div>\n\t\t\t\t<\/div>\n\t\t<div class=\"elementor-element elementor-element-1b693f9 e-con-full elementor-hidden-mobile e-flex e-con e-child\" data-id=\"1b693f9\" data-element_type=\"container\" data-e-type=\"container\" data-settings=\"{&quot;enable_offcanvas&quot;:&quot;label_off&quot;}\">\n\t\t\t\t<div class=\"elementor-element elementor-element-cf700fa elementor-invisible elementor-widget elementor-widget-image\" data-id=\"cf700fa\" data-element_type=\"widget\" data-e-type=\"widget\" data-settings=\"{&quot;_animation&quot;:&quot;fadeInLeft&quot;,&quot;_animation_delay&quot;:200}\" data-widget_type=\"image.default\">\n\t\t\t\t\t\t\t\t\t\t\t\t\t\t\t<img fetchpriority=\"high\" decoding=\"async\" width=\"786\" height=\"1024\" src=\"https:\/\/cupset.app\/wp-content\/uploads\/2024\/08\/basket-e1730826897549-786x1024.png\" class=\"attachment-large size-large wp-image-15674\" alt=\"\" srcset=\"https:\/\/cupset.app\/wp-content\/uploads\/2024\/08\/basket-e1730826897549-786x1024.png 786w, https:\/\/cupset.app\/wp-content\/uploads\/2024\/08\/basket-e1730826897549-230x300.png 230w, https:\/\/cupset.app\/wp-content\/uploads\/2024\/08\/basket-e1730826897549-768x1000.png 768w, https:\/\/cupset.app\/wp-content\/uploads\/2024\/08\/basket-e1730826897549-1179x1536.png 1179w, https:\/\/cupset.app\/wp-content\/uploads\/2024\/08\/basket-e1730826897549.png 1564w\" sizes=\"(max-width: 786px) 100vw, 786px\" \/>\t\t\t\t\t\t\t\t\t\t\t\t\t\t\t<\/div>\n\t\t\t\t<\/div>\n\t\t\t\t<\/div>\n\t\t<div class=\"elementor-element elementor-element-f0b07d7 e-con-full e-flex e-con e-child\" data-id=\"f0b07d7\" data-element_type=\"container\" data-e-type=\"container\" data-settings=\"{&quot;enable_offcanvas&quot;:&quot;label_off&quot;}\">\n\t\t<div class=\"elementor-element elementor-element-935edc8 e-con-full e-flex e-con e-child\" data-id=\"935edc8\" data-element_type=\"container\" data-e-type=\"container\" data-settings=\"{&quot;enable_offcanvas&quot;:&quot;label_off&quot;}\">\n\t\t\t\t<div class=\"elementor-element elementor-element-8699df6 elementor-absolute elementor-invisible elementor-widget elementor-widget-image\" data-id=\"8699df6\" data-element_type=\"widget\" data-e-type=\"widget\" data-settings=\"{&quot;_position&quot;:&quot;absolute&quot;,&quot;_animation&quot;:&quot;fadeInDown&quot;,&quot;_animation_delay&quot;:2000}\" data-widget_type=\"image.default\">\n\t\t\t\t\t\t\t\t\t\t\t\t\t\t\t<img decoding=\"async\" width=\"704\" height=\"1024\" src=\"https:\/\/cupset.app\/wp-content\/uploads\/2024\/10\/4_formula_pricing-704x1024.png\" class=\"attachment-large size-large wp-image-17115\" alt=\"\" srcset=\"https:\/\/cupset.app\/wp-content\/uploads\/2024\/10\/4_formula_pricing-704x1024.png 704w, https:\/\/cupset.app\/wp-content\/uploads\/2024\/10\/4_formula_pricing-206x300.png 206w, https:\/\/cupset.app\/wp-content\/uploads\/2024\/10\/4_formula_pricing-768x1118.png 768w, https:\/\/cupset.app\/wp-content\/uploads\/2024\/10\/4_formula_pricing-1055x1536.png 1055w, https:\/\/cupset.app\/wp-content\/uploads\/2024\/10\/4_formula_pricing-1407x2048.png 1407w, https:\/\/cupset.app\/wp-content\/uploads\/2024\/10\/4_formula_pricing.png 1759w\" sizes=\"(max-width: 704px) 100vw, 704px\" \/>\t\t\t\t\t\t\t\t\t\t\t\t\t\t\t<\/div>\n\t\t\t\t<div class=\"elementor-element elementor-element-2d444d7 elementor-absolute elementor-invisible elementor-widget elementor-widget-image\" data-id=\"2d444d7\" data-element_type=\"widget\" data-e-type=\"widget\" data-settings=\"{&quot;_position&quot;:&quot;absolute&quot;,&quot;_animation&quot;:&quot;fadeInDown&quot;,&quot;_animation_delay&quot;:1200}\" data-widget_type=\"image.default\">\n\t\t\t\t\t\t\t\t\t\t\t\t\t\t\t<img decoding=\"async\" width=\"704\" height=\"1024\" src=\"https:\/\/cupset.app\/wp-content\/uploads\/2024\/10\/3_formula_pricing-704x1024.png\" class=\"attachment-large size-large wp-image-17118\" alt=\"\" srcset=\"https:\/\/cupset.app\/wp-content\/uploads\/2024\/10\/3_formula_pricing-704x1024.png 704w, https:\/\/cupset.app\/wp-content\/uploads\/2024\/10\/3_formula_pricing-206x300.png 206w, https:\/\/cupset.app\/wp-content\/uploads\/2024\/10\/3_formula_pricing-768x1118.png 768w, https:\/\/cupset.app\/wp-content\/uploads\/2024\/10\/3_formula_pricing-1055x1536.png 1055w, https:\/\/cupset.app\/wp-content\/uploads\/2024\/10\/3_formula_pricing-1407x2048.png 1407w, https:\/\/cupset.app\/wp-content\/uploads\/2024\/10\/3_formula_pricing.png 1759w\" sizes=\"(max-width: 704px) 100vw, 704px\" \/>\t\t\t\t\t\t\t\t\t\t\t\t\t\t\t<\/div>\n\t\t\t\t<div class=\"elementor-element elementor-element-92d82c2 elementor-absolute elementor-invisible elementor-widget elementor-widget-image\" data-id=\"92d82c2\" data-element_type=\"widget\" data-e-type=\"widget\" data-settings=\"{&quot;_position&quot;:&quot;absolute&quot;,&quot;_animation&quot;:&quot;fadeInDown&quot;,&quot;_animation_delay&quot;:600}\" data-widget_type=\"image.default\">\n\t\t\t\t\t\t\t\t\t\t\t\t\t\t\t<img loading=\"lazy\" decoding=\"async\" width=\"704\" height=\"1024\" src=\"https:\/\/cupset.app\/wp-content\/uploads\/2024\/10\/2_formula_pricing-704x1024.png\" class=\"attachment-large size-large wp-image-17117\" alt=\"\" srcset=\"https:\/\/cupset.app\/wp-content\/uploads\/2024\/10\/2_formula_pricing-704x1024.png 704w, https:\/\/cupset.app\/wp-content\/uploads\/2024\/10\/2_formula_pricing-206x300.png 206w, https:\/\/cupset.app\/wp-content\/uploads\/2024\/10\/2_formula_pricing-768x1118.png 768w, https:\/\/cupset.app\/wp-content\/uploads\/2024\/10\/2_formula_pricing-1055x1536.png 1055w, https:\/\/cupset.app\/wp-content\/uploads\/2024\/10\/2_formula_pricing-1407x2048.png 1407w, https:\/\/cupset.app\/wp-content\/uploads\/2024\/10\/2_formula_pricing.png 1759w\" sizes=\"(max-width: 704px) 100vw, 704px\" \/>\t\t\t\t\t\t\t\t\t\t\t\t\t\t\t<\/div>\n\t\t\t\t<div class=\"elementor-element elementor-element-535f5fd elementor-invisible elementor-widget elementor-widget-image\" data-id=\"535f5fd\" data-element_type=\"widget\" data-e-type=\"widget\" data-settings=\"{&quot;_animation&quot;:&quot;fadeInDown&quot;,&quot;_animation_delay&quot;:200}\" data-widget_type=\"image.default\">\n\t\t\t\t\t\t\t\t\t\t\t\t\t\t\t<img loading=\"lazy\" decoding=\"async\" width=\"704\" height=\"1024\" src=\"https:\/\/cupset.app\/wp-content\/uploads\/2024\/10\/1_formula_pricing-704x1024.png\" class=\"attachment-large size-large wp-image-17116\" alt=\"\" srcset=\"https:\/\/cupset.app\/wp-content\/uploads\/2024\/10\/1_formula_pricing-704x1024.png 704w, https:\/\/cupset.app\/wp-content\/uploads\/2024\/10\/1_formula_pricing-206x300.png 206w, https:\/\/cupset.app\/wp-content\/uploads\/2024\/10\/1_formula_pricing-768x1118.png 768w, https:\/\/cupset.app\/wp-content\/uploads\/2024\/10\/1_formula_pricing-1055x1536.png 1055w, https:\/\/cupset.app\/wp-content\/uploads\/2024\/10\/1_formula_pricing-1407x2048.png 1407w, https:\/\/cupset.app\/wp-content\/uploads\/2024\/10\/1_formula_pricing.png 1759w\" sizes=\"(max-width: 704px) 100vw, 704px\" \/>\t\t\t\t\t\t\t\t\t\t\t\t\t\t\t<\/div>\n\t\t\t\t<\/div>\n\t\t\t\t<div class=\"elementor-element elementor-element-1dcc1d7 elementor-widget__width-inherit elementor-widget elementor-widget-eead-feature-list\" data-id=\"1dcc1d7\" data-element_type=\"widget\" data-e-type=\"widget\" data-widget_type=\"eead-feature-list.default\">\n\t\t\t\t<div class=\"elementor-widget-container\">\n\t\t\t\t\t        <div class=\"eead-feature-list\">\n            <ul class=\"eead-feature-list-items eead-fl-style-default\">\n                                    <li class=\"eead-fl-item elementor-repeater-item-358843c\">\n                        <div class=\"eead-fl-icon-box\">\n                            <span >\n                                <i aria-hidden=\"true\" class=\"pi-icon pi-icon-iteration\"><\/i>                            <\/span>\n                        <\/div>\n\n                        <div class=\"eead-fl-content-box\">\n                                                            <h4 class=\"eead-fl-title translation-block\">Flexible Bereitstellung und einfache Integration<\/h4>\n                            \n                            \n                                                            <div class=\"eead-fl-content\">\n                                    Verf\u00fcgbar als Cloud-basierte (SaaS) \u200b<br>\noder Vor-Ort-L\u00f6sung, nahtlose Integration in die vorhandene Infrastruktur.\u200b                                <\/div>\n                                                    <\/div>\n                    <\/li>\n                                        <li class=\"eead-fl-item elementor-repeater-item-b20bab1\">\n                        <div class=\"eead-fl-icon-box\">\n                            <span >\n                                <i aria-hidden=\"true\" class=\"pi-icon pi-icon-success\"><\/i>                            <\/span>\n                        <\/div>\n\n                        <div class=\"eead-fl-content-box\">\n                                                            <h4 class=\"eead-fl-title\">\n                                    <span >\n                                        Leistungsf\u00e4higere Vertriebsteams                                    <\/span>\n                                <\/h4>\n                            \n                            \n                                                            <div class=\"eead-fl-content translation-block\">Konzentrieren Sie sich mehr auf Kreativit\u00e4t und Strategie mit bis zu 25 % nachhaltiger Gewinnmaximierung.<\/div>\n                                                    <\/div>\n                    <\/li>\n                                        <li class=\"eead-fl-item elementor-repeater-item-92ecda2\">\n                        <div class=\"eead-fl-icon-box\">\n                            <span >\n                                <i aria-hidden=\"true\" class=\"pi-icon pi-icon-migrating\"><\/i>                            <\/span>\n                        <\/div>\n\n                        <div class=\"eead-fl-content-box\">\n                                                            <h4 class=\"eead-fl-title\">\n                                    <span >\n                                        Ma\u00dfgeschneiderte Versionen                                    <\/span>\n                                <\/h4>\n                            \n                            \n                                                            <div class=\"eead-fl-content\">\n                                    Passen Sie Cupset-Versionen pro Gesch\u00e4ftseinheit an \u2013 Updates werden nur angewendet, wenn sie relevant sind.\u200b                                <\/div>\n                                                    <\/div>\n                    <\/li>\n                                <\/ul>\n        <\/div>\n        \t\t\t\t<\/div>\n\t\t\t\t<\/div>\n\t\t\t\t<\/div>\n\t\t\t\t\t<\/div>\n\t\t\t\t<\/div>\n\t\t\t\t<\/div>","protected":false},"excerpt":{"rendered":"<p>Features &amp; Benefits\u200b AI-Driven Pricing Software Supports various strategies (e.g., competitive, formula, value-based) \u200bacross markets, business areas and sales channels. Real-Time Price Adjustments Automatically adapt to current and future raw material costs.\u200b In-Line Analytics Empower data-driven decisions, enhancing efficiency and freeing up time for customer engagement.\u200b Flexible Deployment &amp; Easy Integration Available as a cloud-based [&hellip;]<\/p>\n","protected":false},"author":1,"featured_media":15672,"parent":0,"menu_order":3,"comment_status":"closed","ping_status":"closed","template":"","meta":{"_acf_changed":false,"sb_editor_width":"","inline_featured_image":false,"footnotes":""},"class_list":["post-17409","page","type-page","status-publish","has-post-thumbnail","hentry"],"acf":[],"relative_dates":{"created":"1\u00a0Jahr ago","modified":"1\u00a0Jahr ago"},"pbg_featured_image_src":{"full":["https:\/\/cupset.app\/wp-content\/uploads\/2024\/08\/195-e1729583414471.png",2560,1358,false],"thumbnail":["https:\/\/cupset.app\/wp-content\/uploads\/2024\/08\/195-e1729583414471-150x150.png",150,150,true],"medium":["https:\/\/cupset.app\/wp-content\/uploads\/2024\/08\/195-e1729583414471-300x159.png",300,159,true],"medium_large":["https:\/\/cupset.app\/wp-content\/uploads\/2024\/08\/195-e1729583414471-768x408.png",768,408,true],"large":["https:\/\/cupset.app\/wp-content\/uploads\/2024\/08\/195-e1729583414471-1024x543.png",800,424,true],"1536x1536":["https:\/\/cupset.app\/wp-content\/uploads\/2024\/08\/195-e1729583414471-1536x815.png",1536,815,true],"2048x2048":["https:\/\/cupset.app\/wp-content\/uploads\/2024\/08\/195-e1729583414471-2048x1087.png",2048,1087,true],"tp-image-grid":["https:\/\/cupset.app\/wp-content\/uploads\/2024\/08\/195-e1729583414471-700x700.png",700,700,true]},"pbg_author_info":{"display_name":"Steven K\u00e4semann","author_link":"https:\/\/cupset.app\/de\/author\/nightcode\/","author_img":"<img alt='Steven K\u00e4semann' src='https:\/\/secure.gravatar.com\/avatar\/1fd6d0bef2987745500d80491100500f953688d97f6c9ab11e84e80015319dc2?s=128&#038;d=mm&#038;r=g' srcset='https:\/\/secure.gravatar.com\/avatar\/1fd6d0bef2987745500d80491100500f953688d97f6c9ab11e84e80015319dc2?s=256&#038;d=mm&#038;r=g 2x' class='avatar avatar-128 photo' height='128' width='128' decoding='async'\/>"},"pbg_comment_info":" No Comments","pbg_excerpt":"Features &amp; Benefits\u200b AI-Driven Pricing Software Supports various strategies (e.g., competitive, formula, value-based) \u200bacross markets, business areas and sales channels. Real-Time Price Adjustments Automatically adapt to current and future raw material costs.\u200b In-Line Analytics Empower data-driven decisions, enhancing efficiency and freeing up time for customer engagement.\u200b Flexible Deployment &amp; Easy Integration Available as a cloud-based&hellip;","_links":{"self":[{"href":"https:\/\/cupset.app\/de\/wp-json\/wp\/v2\/pages\/17409","targetHints":{"allow":["GET"]}}],"collection":[{"href":"https:\/\/cupset.app\/de\/wp-json\/wp\/v2\/pages"}],"about":[{"href":"https:\/\/cupset.app\/de\/wp-json\/wp\/v2\/types\/page"}],"author":[{"embeddable":true,"href":"https:\/\/cupset.app\/de\/wp-json\/wp\/v2\/users\/1"}],"replies":[{"embeddable":true,"href":"https:\/\/cupset.app\/de\/wp-json\/wp\/v2\/comments?post=17409"}],"version-history":[{"count":43,"href":"https:\/\/cupset.app\/de\/wp-json\/wp\/v2\/pages\/17409\/revisions"}],"predecessor-version":[{"id":19442,"href":"https:\/\/cupset.app\/de\/wp-json\/wp\/v2\/pages\/17409\/revisions\/19442"}],"wp:featuredmedia":[{"embeddable":true,"href":"https:\/\/cupset.app\/de\/wp-json\/wp\/v2\/media\/15672"}],"wp:attachment":[{"href":"https:\/\/cupset.app\/de\/wp-json\/wp\/v2\/media?parent=17409"}],"curies":[{"name":"wp","href":"https:\/\/api.w.org\/{rel}","templated":true}]}}