{"id":16164,"date":"2024-10-22T13:57:01","date_gmt":"2024-10-22T11:57:01","guid":{"rendered":"https:\/\/cupset.app\/?page_id=16164"},"modified":"2025-04-02T12:30:09","modified_gmt":"2025-04-02T10:30:09","slug":"request-a-demo","status":"publish","type":"page","link":"https:\/\/cupset.app\/de\/request-a-demo\/","title":{"rendered":"Demo anfordern"},"content":{"rendered":"<div data-elementor-type=\"wp-page\" data-elementor-id=\"16164\" class=\"elementor elementor-16164\" data-elementor-post-type=\"page\">\n\t\t\t\t<div class=\"elementor-element elementor-element-c50a671 e-flex e-con-boxed e-con e-parent\" data-id=\"c50a671\" data-element_type=\"container\" data-e-type=\"container\" data-settings=\"{&quot;enable_offcanvas&quot;:&quot;label_off&quot;}\">\n\t\t\t\t\t<div class=\"e-con-inner\">\n\t\t<div class=\"elementor-element elementor-element-ecf0b1f e-con-full e-flex e-con e-child\" data-id=\"ecf0b1f\" data-element_type=\"container\" data-e-type=\"container\" data-settings=\"{&quot;enable_offcanvas&quot;:&quot;label_off&quot;}\">\n\t\t\t\t<div class=\"elementor-element elementor-element-61de3a7 elementor-widget elementor-widget-heading\" data-id=\"61de3a7\" data-element_type=\"widget\" data-e-type=\"widget\" data-widget_type=\"heading.default\">\n\t\t\t\t\t<h2 class=\"elementor-heading-title elementor-size-default translation-block\">Starten Sie eine Preisgestaltungsreise, die<br> auf Ihre Bed\u00fcrfnisse zugeschnitten ist<\/h2>\t\t\t\t<\/div>\n\t\t\t\t<div class=\"elementor-element elementor-element-f881b25 elementor-widget elementor-widget-text-editor\" data-id=\"f881b25\" data-element_type=\"widget\" data-e-type=\"widget\" data-widget_type=\"text-editor.default\">\n\t\t\t\t\t\t\t\t\t<p class=\"mt-6 text-lg leading-8 text-neutral-600\">Sind Sie bereit, Ihre Daten freizugeben und M\u00f6glichkeiten f\u00fcr Upselling, Cross-Selling, Preiserh\u00f6hungen und einen gr\u00f6\u00dferen Marktanteil zu entdecken? M\u00f6chten Sie Ihrem Vertriebsteam erm\u00f6glichen, Gesch\u00e4fte schneller und effizienter abzuschlie\u00dfen?<\/p><p class=\"mt-6 text-lg leading-8 text-neutral-600\">Nach dem Ausf\u00fcllen dieses Formulars werden Sie von einem erfahrenen Experten kontaktiert. Wenn Sie jetzt mit jemandem sprechen m\u00f6chten, buchen Sie hier einen passenden Termin.<\/p><p>Bedenken Sie, dass Ihre Daten bei uns sicher sind und nur verwendet werden, um Sie \u00fcber Produkte und Dienstleistungen zu informieren, die Ihren Gesch\u00e4ftserfolg unterst\u00fctzen k\u00f6nnen.<\/p>\t\t\t\t\t\t\t\t<\/div>\n\t\t\t\t<\/div>\n\t\t<div class=\"elementor-element elementor-element-e3f5a6b e-con-full e-flex e-con e-child\" data-id=\"e3f5a6b\" data-element_type=\"container\" data-e-type=\"container\" data-settings=\"{&quot;enable_offcanvas&quot;:&quot;label_off&quot;}\">\n\t\t\t\t<div class=\"elementor-element elementor-element-d839da4 elementor-widget elementor-widget-heading\" data-id=\"d839da4\" data-element_type=\"widget\" data-e-type=\"widget\" data-widget_type=\"heading.default\">\n\t\t\t\t\t<h2 class=\"elementor-heading-title elementor-size-default\"> Sprechen Sie noch heute mit einem unserer Experten!\n\n<\/h2>\t\t\t\t<\/div>\n\t\t\t\t<div class=\"elementor-element elementor-element-dc20efc fluentform-widget-submit-button-right fluentform-widget-submit-button-custom elementor-widget elementor-widget-fluent-form-widget\" data-id=\"dc20efc\" data-element_type=\"widget\" data-e-type=\"widget\" data-widget_type=\"fluent-form-widget.default\">\n\t\t\t\t<div class=\"elementor-widget-container\">\n\t\t\t\t\t\n            <div class=\"fluentform-widget-wrapper hide-placeholder\">\n\n            \n            <div class='fluentform ff-default fluentform_wrapper_3 ffs_default_wrap'><form data-form_id=\"3\" id=\"fluentform_3\" class=\"frm-fluent-form fluent_form_3 ff-el-form-top ff_form_instance_3_1 ff-form-loading ffs_default\" data-form_instance=\"ff_form_instance_3_1\" method=\"POST\" action=\"\" ><fieldset  style=\"border: none!important;margin: 0!important;padding: 0!important;background-color: transparent!important;box-shadow: none!important;outline: none!important; min-inline-size: 100%;\">\n                    <legend class=\"ff_screen_reader_title\" style=\"display: block; margin: 0!important;padding: 0!important;height: 0!important;text-indent: -999999px;width: 0!important;overflow:hidden;\">Demo Request Form<\/legend><input type='hidden' name='__fluent_form_embded_post_id' value='16164' \/><input type=\"hidden\" id=\"_fluentform_3_fluentformnonce\" name=\"_fluentform_3_fluentformnonce\" value=\"d5be108c0d\" \/><input type=\"hidden\" name=\"_wp_http_referer\" value=\"\/de\/wp-json\/wp\/v2\/pages\/16164\" \/><div data-name=\"ff_cn_id_1\"  class='ff-t-container ff-column-container ff_columns_total_2'><div class='ff-t-cell ff-t-column-1' style='flex-basis: 50%;'><div class='ff-el-group'><div class=\"ff-el-input--label ff-el-is-required asterisk-right\"><label for='ff_3_input_text' id='label_ff_3_input_text' aria-label=\"Vorname\">Vorname<\/label><\/div><div class='ff-el-input--content'><input type=\"text\" name=\"input_text\" class=\"ff-el-form-control\" placeholder=\"Vorname\" data-name=\"input_text\" id=\"ff_3_input_text\"  aria-invalid=\"false\" aria-required=\"true\"><\/div><\/div><\/div><div class='ff-t-cell ff-t-column-2' style='flex-basis: 50%;'><div class='ff-el-group'><div class=\"ff-el-input--label ff-el-is-required asterisk-right\"><label for='ff_3_input_text_3' id='label_ff_3_input_text_3' aria-label=\"Nachname\">Nachname<\/label><\/div><div class='ff-el-input--content'><input type=\"text\" name=\"input_text_3\" class=\"ff-el-form-control\" placeholder=\"Nachname\" data-name=\"input_text_3\" id=\"ff_3_input_text_3\"  aria-invalid=\"false\" aria-required=\"true\"><\/div><\/div><\/div><\/div><div class='ff-el-group'><div class=\"ff-el-input--label ff-el-is-required asterisk-right\"><label for='ff_3_input_text_1' id='label_ff_3_input_text_1' aria-label=\"Unternehmen\">Unternehmen<\/label><\/div><div class='ff-el-input--content'><input type=\"text\" name=\"input_text_1\" class=\"ff-el-form-control\" placeholder=\"Unternehmen\" data-name=\"input_text_1\" id=\"ff_3_input_text_1\"  aria-invalid=\"false\" aria-required=\"true\"><\/div><\/div><div data-name=\"ff_cn_id_2\"  class='ff-t-container ff-column-container ff_columns_total_2'><div class='ff-t-cell ff-t-column-1' style='flex-basis: 50%;'><div class='ff-el-group'><div class=\"ff-el-input--label ff-el-is-required asterisk-right\"><label for='ff_3_input_text_2' id='label_ff_3_input_text_2' aria-label=\"Berufsbezeichnung\">Berufsbezeichnung<\/label><\/div><div class='ff-el-input--content'><input type=\"text\" name=\"input_text_2\" class=\"ff-el-form-control\" placeholder=\"Berufsbezeichnung\" data-name=\"input_text_2\" id=\"ff_3_input_text_2\"  aria-invalid=\"false\" aria-required=\"true\"><\/div><\/div><\/div><div class='ff-t-cell ff-t-column-2' style='flex-basis: 50%;'><div class='ff-el-group'><div class=\"ff-el-input--label ff-el-is-required asterisk-right\"><label for='ff_3_dropdown' id='label_ff_3_dropdown' aria-label=\"Land\">Land<\/label><\/div><div class='ff-el-input--content'><select name=\"dropdown\" id=\"ff_3_dropdown\" class=\"ff-el-form-control\" data-name=\"dropdown\" data-calc_value=\"0\"  aria-invalid=\"false\" aria-required=\"true\" aria-labelledby=\"label_ff_3_dropdown\"><option value=\"\">Select...<\/option><option value=\"Afghanistan\"  >Afghanistan<\/option><option value=\"Albania\"  >Albania<\/option><option value=\"Algeria\"  >Algeria<\/option><option value=\"American Samoa\"  >American Samoa<\/option><option value=\"Andorra\"  >Andorra<\/option><option value=\"Angola\"  >Angola<\/option><option value=\"Anguilla\"  >Anguilla<\/option><option value=\"Antarctica\"  >Antarctica<\/option><option value=\"Antigua and Barbuda\"  >Antigua and Barbuda<\/option><option value=\"Argentina\"  >Argentina<\/option><option value=\"Armenia\"  >Armenia<\/option><option value=\"Aruba\"  >Aruba<\/option><option value=\"Australia\"  >Australia<\/option><option value=\"Austria\"  >Austria<\/option><option value=\"Azerbaijan\"  >Azerbaijan<\/option><option value=\"Bahamas\"  >Bahamas<\/option><option value=\"Bahrain\"  >Bahrain<\/option><option value=\"Bangladesh\"  >Bangladesh<\/option><option value=\"Barbados\"  >Barbados<\/option><option value=\"Belarus\"  >Belarus<\/option><option value=\"Belgium\"  >Belgium<\/option><option value=\"Belize\"  >Belize<\/option><option value=\"Benin\"  >Benin<\/option><option value=\"Bermuda\"  >Bermuda<\/option><option value=\"Bhutan\"  >Bhutan<\/option><option value=\"Bolivia\"  >Bolivia<\/option><option value=\"Bonaire, Sint Eustatius and Saba\"  >Bonaire, Sint Eustatius and Saba<\/option><option value=\"Bosnia and Herzegovina\"  >Bosnia and Herzegovina<\/option><option value=\"Botswana\"  >Botswana<\/option><option value=\"Bouvet Island\"  >Bouvet Island<\/option><option value=\"Brazil\"  >Brazil<\/option><option value=\"British Indian Ocean Territory\"  >British Indian Ocean Territory<\/option><option value=\"Brunei Darussalam\"  >Brunei Darussalam<\/option><option value=\"Bulgaria\"  >Bulgaria<\/option><option value=\"Burkina Faso\"  >Burkina Faso<\/option><option value=\"Burundi\"  >Burundi<\/option><option value=\"Cambodia\"  >Cambodia<\/option><option value=\"Cameroon\"  >Cameroon<\/option><option value=\"Canada\"  >Canada<\/option><option value=\"Cape Verde\"  >Cape Verde<\/option><option value=\"Cayman Islands\"  >Cayman Islands<\/option><option value=\"Central African Republic\"  >Central African Republic<\/option><option value=\"Chad\"  >Chad<\/option><option value=\"Chile\"  >Chile<\/option><option value=\"China\"  >China<\/option><option value=\"Christmas Island\"  >Christmas Island<\/option><option value=\"Cocos Islands\"  >Cocos Islands<\/option><option value=\"Colombia\"  >Colombia<\/option><option value=\"Comoros\"  >Comoros<\/option><option value=\"Congo, Democratic Republic of the\"  >Congo, Democratic Republic of the<\/option><option value=\"Congo, Republic of the\"  >Congo, Republic of the<\/option><option value=\"Cook Islands\"  >Cook Islands<\/option><option value=\"Costa Rica\"  >Costa Rica<\/option><option value=\"Croatia\"  >Croatia<\/option><option value=\"Cuba\"  >Cuba<\/option><option value=\"Cura\u00e7ao\"  >Cura\u00e7ao<\/option><option value=\"Cyprus\"  >Cyprus<\/option><option value=\"Czech Republic\"  >Czech Republic<\/option><option value=\"C\u00f4te d&#039;Ivoire\"  >C\u00f4te d'Ivoire<\/option><option value=\"Denmark\"  >Denmark<\/option><option value=\"Djibouti\"  >Djibouti<\/option><option value=\"Dominica\"  >Dominica<\/option><option value=\"Dominican Republic\"  >Dominican Republic<\/option><option value=\"Ecuador\"  >Ecuador<\/option><option value=\"Egypt\"  >Egypt<\/option><option value=\"El Salvador\"  >El Salvador<\/option><option value=\"Equatorial Guinea\"  >Equatorial Guinea<\/option><option value=\"Eritrea\"  >Eritrea<\/option><option value=\"Estonia\"  >Estonia<\/option><option value=\"Eswatini (Swaziland)\"  >Eswatini (Swaziland)<\/option><option value=\"Ethiopia\"  >Ethiopia<\/option><option value=\"Falkland Islands\"  >Falkland Islands<\/option><option value=\"Faroe Islands\"  >Faroe Islands<\/option><option value=\"Fiji\"  >Fiji<\/option><option value=\"Finland\"  >Finland<\/option><option value=\"France\"  >France<\/option><option value=\"French Guiana\"  >French Guiana<\/option><option value=\"French Polynesia\"  >French Polynesia<\/option><option value=\"French Southern Territories\"  >French Southern Territories<\/option><option value=\"Gabon\"  >Gabon<\/option><option value=\"Gambia\"  >Gambia<\/option><option value=\"Georgia\"  >Georgia<\/option><option value=\"Germany\"  >Germany<\/option><option value=\"Ghana\"  >Ghana<\/option><option value=\"Gibraltar\"  >Gibraltar<\/option><option value=\"Greece\"  >Greece<\/option><option value=\"Greenland\"  >Greenland<\/option><option value=\"Grenada\"  >Grenada<\/option><option value=\"Guadeloupe\"  >Guadeloupe<\/option><option value=\"Guam\"  >Guam<\/option><option value=\"Guatemala\"  >Guatemala<\/option><option value=\"Guernsey\"  >Guernsey<\/option><option value=\"Guinea\"  >Guinea<\/option><option value=\"Guinea-Bissau\"  >Guinea-Bissau<\/option><option value=\"Guyana\"  >Guyana<\/option><option value=\"Haiti\"  >Haiti<\/option><option value=\"Heard and McDonald Islands\"  >Heard and McDonald Islands<\/option><option value=\"Holy See\"  >Holy See<\/option><option value=\"Honduras\"  >Honduras<\/option><option value=\"Hong Kong\"  >Hong Kong<\/option><option value=\"Hungary\"  >Hungary<\/option><option value=\"Iceland\"  >Iceland<\/option><option value=\"India\"  >India<\/option><option value=\"Indonesia\"  >Indonesia<\/option><option value=\"Iran\"  >Iran<\/option><option value=\"Iraq\"  >Iraq<\/option><option value=\"Ireland\"  >Ireland<\/option><option value=\"Isle of Man\"  >Isle of Man<\/option><option value=\"Israel\"  >Israel<\/option><option value=\"Italy\"  >Italy<\/option><option value=\"Jamaica\"  >Jamaica<\/option><option value=\"Japan\"  >Japan<\/option><option value=\"Jersey\"  >Jersey<\/option><option value=\"Jordan\"  >Jordan<\/option><option value=\"Kazakhstan\"  >Kazakhstan<\/option><option value=\"Kenya\"  >Kenya<\/option><option value=\"Kiribati\"  >Kiribati<\/option><option value=\"Kuwait\"  >Kuwait<\/option><option value=\"Kyrgyzstan\"  >Kyrgyzstan<\/option><option value=\"Lao People&#039;s Democratic Republic\"  >Lao People's Democratic Republic<\/option><option value=\"Latvia\"  >Latvia<\/option><option value=\"Lebanon\"  >Lebanon<\/option><option value=\"Lesotho\"  >Lesotho<\/option><option value=\"Liberia\"  >Liberia<\/option><option value=\"Libya\"  >Libya<\/option><option value=\"Liechtenstein\"  >Liechtenstein<\/option><option value=\"Lithuania\"  >Lithuania<\/option><option value=\"Luxembourg\"  >Luxembourg<\/option><option value=\"Macau\"  >Macau<\/option><option value=\"Macedonia\"  >Macedonia<\/option><option value=\"Madagascar\"  >Madagascar<\/option><option value=\"Malawi\"  >Malawi<\/option><option value=\"Malaysia\"  >Malaysia<\/option><option value=\"Maldives\"  >Maldives<\/option><option value=\"Mali\"  >Mali<\/option><option value=\"Malta\"  >Malta<\/option><option value=\"Marshall Islands\"  >Marshall Islands<\/option><option value=\"Martinique\"  >Martinique<\/option><option value=\"Mauritania\"  >Mauritania<\/option><option value=\"Mauritius\"  >Mauritius<\/option><option value=\"Mayotte\"  >Mayotte<\/option><option value=\"Mexico\"  >Mexico<\/option><option value=\"Micronesia\"  >Micronesia<\/option><option value=\"Moldova\"  >Moldova<\/option><option value=\"Monaco\"  >Monaco<\/option><option value=\"Mongolia\"  >Mongolia<\/option><option value=\"Montenegro\"  >Montenegro<\/option><option value=\"Montserrat\"  >Montserrat<\/option><option value=\"Morocco\"  >Morocco<\/option><option value=\"Mozambique\"  >Mozambique<\/option><option value=\"Myanmar\"  >Myanmar<\/option><option value=\"Namibia\"  >Namibia<\/option><option value=\"Nauru\"  >Nauru<\/option><option value=\"Nepal\"  >Nepal<\/option><option value=\"Netherlands\"  >Netherlands<\/option><option value=\"New Caledonia\"  >New Caledonia<\/option><option value=\"New Zealand\"  >New Zealand<\/option><option value=\"Nicaragua\"  >Nicaragua<\/option><option value=\"Niger\"  >Niger<\/option><option value=\"Nigeria\"  >Nigeria<\/option><option value=\"Niue\"  >Niue<\/option><option value=\"Norfolk Island\"  >Norfolk Island<\/option><option value=\"North Korea\"  >North Korea<\/option><option value=\"Northern Mariana Islands\"  >Northern Mariana Islands<\/option><option value=\"Norway\"  >Norway<\/option><option value=\"Oman\"  >Oman<\/option><option value=\"Pakistan\"  >Pakistan<\/option><option value=\"Palau\"  >Palau<\/option><option value=\"Palestine, State of\"  >Palestine, State of<\/option><option value=\"Panama\"  >Panama<\/option><option value=\"Papua New Guinea\"  >Papua New Guinea<\/option><option value=\"Paraguay\"  >Paraguay<\/option><option value=\"Peru\"  >Peru<\/option><option value=\"Philippines\"  >Philippines<\/option><option value=\"Pitcairn\"  >Pitcairn<\/option><option value=\"Poland\"  >Poland<\/option><option value=\"Portugal\"  >Portugal<\/option><option value=\"Puerto Rico\"  >Puerto Rico<\/option><option value=\"Qatar\"  >Qatar<\/option><option value=\"Romania\"  >Romania<\/option><option value=\"Russia\"  >Russia<\/option><option value=\"Rwanda\"  >Rwanda<\/option><option value=\"R\u00e9union\"  >R\u00e9union<\/option><option value=\"Saint Barth\u00e9lemy\"  >Saint Barth\u00e9lemy<\/option><option value=\"Saint Helena\"  >Saint Helena<\/option><option value=\"Saint Kitts and Nevis\"  >Saint Kitts and Nevis<\/option><option value=\"Saint Lucia\"  >Saint Lucia<\/option><option value=\"Saint Martin\"  >Saint Martin<\/option><option value=\"Saint Pierre and Miquelon\"  >Saint Pierre and Miquelon<\/option><option value=\"Saint Vincent and the Grenadines\"  >Saint Vincent and the Grenadines<\/option><option value=\"Samoa\"  >Samoa<\/option><option value=\"San Marino\"  >San Marino<\/option><option value=\"Sao Tome and Principe\"  >Sao Tome and Principe<\/option><option value=\"Saudi Arabia\"  >Saudi Arabia<\/option><option value=\"Senegal\"  >Senegal<\/option><option value=\"Serbia\"  >Serbia<\/option><option value=\"Seychelles\"  >Seychelles<\/option><option value=\"Sierra Leone\"  >Sierra Leone<\/option><option value=\"Singapore\"  >Singapore<\/option><option value=\"Sint Maarten\"  >Sint Maarten<\/option><option value=\"Slovakia\"  >Slovakia<\/option><option value=\"Slovenia\"  >Slovenia<\/option><option value=\"Solomon Islands\"  >Solomon Islands<\/option><option value=\"Somalia\"  >Somalia<\/option><option value=\"South Africa\"  >South Africa<\/option><option value=\"South Georgia\"  >South Georgia<\/option><option value=\"South Korea\"  >South Korea<\/option><option value=\"South Sudan\"  >South Sudan<\/option><option value=\"Spain\"  >Spain<\/option><option value=\"Sri Lanka\"  >Sri Lanka<\/option><option value=\"Sudan\"  >Sudan<\/option><option value=\"Suriname\"  >Suriname<\/option><option value=\"Svalbard and Jan Mayen Islands\"  >Svalbard and Jan Mayen Islands<\/option><option value=\"Sweden\"  >Sweden<\/option><option value=\"Switzerland\"  >Switzerland<\/option><option value=\"Syria\"  >Syria<\/option><option value=\"Taiwan\"  >Taiwan<\/option><option value=\"Tajikistan\"  >Tajikistan<\/option><option value=\"Tanzania\"  >Tanzania<\/option><option value=\"Thailand\"  >Thailand<\/option><option value=\"Timor-Leste\"  >Timor-Leste<\/option><option value=\"Togo\"  >Togo<\/option><option value=\"Tokelau\"  >Tokelau<\/option><option value=\"Tonga\"  >Tonga<\/option><option value=\"Trinidad and Tobago\"  >Trinidad and Tobago<\/option><option value=\"Tunisia\"  >Tunisia<\/option><option value=\"Turkey\"  >Turkey<\/option><option value=\"Turkmenistan\"  >Turkmenistan<\/option><option value=\"Turks and Caicos Islands\"  >Turks and Caicos Islands<\/option><option value=\"Tuvalu\"  >Tuvalu<\/option><option value=\"US Minor Outlying Islands\"  >US Minor Outlying Islands<\/option><option value=\"Uganda\"  >Uganda<\/option><option value=\"Ukraine\"  >Ukraine<\/option><option value=\"United Arab Emirates\"  >United Arab Emirates<\/option><option value=\"United Kingdom\"  >United Kingdom<\/option><option value=\"United States\"  >United States<\/option><option value=\"Uruguay\"  >Uruguay<\/option><option value=\"Uzbekistan\"  >Uzbekistan<\/option><option value=\"Vanuatu\"  >Vanuatu<\/option><option value=\"Venezuela\"  >Venezuela<\/option><option value=\"Vietnam\"  >Vietnam<\/option><option value=\"Virgin Islands, British\"  >Virgin Islands, British<\/option><option value=\"Virgin Islands, U.S.\"  >Virgin Islands, U.S.<\/option><option value=\"Wallis and Futuna\"  >Wallis and Futuna<\/option><option value=\"Western Sahara\"  >Western Sahara<\/option><option value=\"Yemen\"  >Yemen<\/option><option value=\"Zambia\"  >Zambia<\/option><option value=\"Zimbabwe\"  >Zimbabwe<\/option><option value=\"\u00c5land Islands\"  >\u00c5land Islands<\/option><\/select><\/div><\/div><\/div><\/div><div data-name=\"ff_cn_id_3\"  class='ff-t-container ff-column-container ff_columns_total_2'><div class='ff-t-cell ff-t-column-1' style='flex-basis: 50%;'><div class='ff-el-group'><div class=\"ff-el-input--label ff-el-is-required asterisk-right\"><label for='ff_3_email_1' id='label_ff_3_email_1' aria-label=\"Unternehmen E-Mail\">Unternehmen E-Mail<\/label><\/div><div class='ff-el-input--content'><input type=\"email\" name=\"email_1\" id=\"ff_3_email_1\" class=\"ff-el-form-control\" placeholder=\"Unternehmen E-Mail\" data-name=\"email_1\"  aria-invalid=\"false\" aria-required=\"true\"><\/div><\/div><\/div><div class='ff-t-cell ff-t-column-2' style='flex-basis: 50%;'><div class='ff-el-group'><div class=\"ff-el-input--label asterisk-right\"><label for='ff_3_input_text_4' id='label_ff_3_input_text_4' aria-label=\"Unternehmen Telefon\">Unternehmen Telefon<\/label><\/div><div class='ff-el-input--content'><input type=\"text\" name=\"input_text_4\" class=\"ff-el-form-control\" placeholder=\"Unternehmen Telefon\" data-name=\"input_text_4\" id=\"ff_3_input_text_4\"  aria-invalid=\"false\" aria-required=\"false\"><\/div><\/div><\/div><\/div><div class='ff-el-group ff-text-left ff_submit_btn_wrapper'><button type=\"submit\" class=\"ff-btn ff-btn-submit ff-btn-md ff_btn_style\"  aria-label=\"absenden\">absenden<\/button><\/div><\/fieldset><input type=\"hidden\" name=\"trp-form-language\" value=\"de\"\/><\/form><div id='fluentform_3_errors' class='ff-errors-in-stack ff_form_instance_3_1 ff-form-loading_errors ff_form_instance_3_1_errors'><\/div><\/div>            <script type=\"text\/javascript\">\n                window.fluent_form_ff_form_instance_3_1 = {\"id\":\"3\",\"ajaxUrl\":\"https:\\\/\\\/cupset.app\\\/wp-admin\\\/admin-ajax.php\",\"settings\":{\"layout\":{\"labelPlacement\":\"top\",\"helpMessagePlacement\":\"with_label\",\"errorMessagePlacement\":\"inline\",\"cssClassName\":\"\",\"asteriskPlacement\":\"asterisk-right\"},\"restrictions\":{\"denyEmptySubmission\":{\"enabled\":false}}},\"form_instance\":\"ff_form_instance_3_1\",\"form_id_selector\":\"fluentform_3\",\"rules\":{\"input_text\":{\"required\":{\"value\":true,\"message\":\"Dieses Feld ist erforderlich\",\"global_message\":\"Dieses Feld ist erforderlich\",\"global\":true}},\"input_text_3\":{\"required\":{\"value\":true,\"message\":\"Dieses Feld ist erforderlich\",\"global_message\":\"Dieses Feld ist erforderlich\",\"global\":true}},\"input_text_1\":{\"required\":{\"value\":true,\"message\":\"Dieses Feld ist erforderlich\",\"global_message\":\"Dieses Feld ist erforderlich\",\"global\":true}},\"input_text_2\":{\"required\":{\"value\":true,\"message\":\"Dieses Feld ist erforderlich\",\"global_message\":\"Dieses Feld ist erforderlich\",\"global\":true}},\"dropdown\":{\"required\":{\"value\":true,\"message\":\"Dieses Feld ist erforderlich\",\"global_message\":\"Dieses Feld ist erforderlich\",\"global\":true}},\"email_1\":{\"required\":{\"value\":true,\"message\":\"This field is required\",\"global\":false,\"global_message\":\"Dieses Feld ist erforderlich\"},\"email\":{\"value\":true,\"message\":\"This field must contain a valid email\",\"global\":false,\"global_message\":\"Dieses Feld muss eine g\\u00fcltige E-Mail-Adresse enthalten\"}},\"input_text_4\":{\"required\":{\"value\":false,\"message\":\"Dieses Feld ist erforderlich\",\"global_message\":\"Dieses Feld ist erforderlich\",\"global\":true}}},\"debounce_time\":300};\n                            <\/script>\n                        <\/div>\n\n            \t\t\t\t<\/div>\n\t\t\t\t<\/div>\n\t\t\t\t<\/div>\n\t\t\t\t\t<\/div>\n\t\t\t\t<\/div>\n\t\t\t\t<\/div>","protected":false},"excerpt":{"rendered":"<p>Start a Pricing Journey That\u2019s Tailored to Your Needs Ready to unlock your data, uncover opportunities for upsells, cross-sells, price increases and a larger market share? Interested in enabling your sales team to close deals more quickly and efficiently? After filling out this form, you\u2019ll hear from an experienced professional. If you\u2019d like to speak [&hellip;]<\/p>\n","protected":false},"author":1,"featured_media":15680,"parent":0,"menu_order":14,"comment_status":"closed","ping_status":"closed","template":"","meta":{"_acf_changed":false,"sb_editor_width":"","inline_featured_image":false,"footnotes":""},"class_list":["post-16164","page","type-page","status-publish","has-post-thumbnail","hentry"],"acf":[],"relative_dates":{"created":"2\u00a0Jahren ago","modified":"1\u00a0Jahr ago"},"pbg_featured_image_src":{"full":["https:\/\/cupset.app\/wp-content\/uploads\/2024\/08\/OWINKS1-e1729086038624.png",2284,1196,false],"thumbnail":["https:\/\/cupset.app\/wp-content\/uploads\/2024\/08\/OWINKS1-e1729086038624-150x150.png",150,150,true],"medium":["https:\/\/cupset.app\/wp-content\/uploads\/2024\/08\/OWINKS1-e1729086038624-300x157.png",300,157,true],"medium_large":["https:\/\/cupset.app\/wp-content\/uploads\/2024\/08\/OWINKS1-e1729086038624-768x402.png",768,402,true],"large":["https:\/\/cupset.app\/wp-content\/uploads\/2024\/08\/OWINKS1-e1729086038624-1024x536.png",800,419,true],"1536x1536":["https:\/\/cupset.app\/wp-content\/uploads\/2024\/08\/OWINKS1-e1729086038624-1536x804.png",1536,804,true],"2048x2048":["https:\/\/cupset.app\/wp-content\/uploads\/2024\/08\/OWINKS1-e1729086038624-2048x1072.png",2048,1072,true],"tp-image-grid":["https:\/\/cupset.app\/wp-content\/uploads\/2024\/08\/OWINKS1-e1729086038624-700x700.png",700,700,true]},"pbg_author_info":{"display_name":"Steven K\u00e4semann","author_link":"https:\/\/cupset.app\/de\/author\/nightcode\/","author_img":"<img alt='Steven K\u00e4semann' src='https:\/\/secure.gravatar.com\/avatar\/1fd6d0bef2987745500d80491100500f953688d97f6c9ab11e84e80015319dc2?s=128&#038;d=mm&#038;r=g' srcset='https:\/\/secure.gravatar.com\/avatar\/1fd6d0bef2987745500d80491100500f953688d97f6c9ab11e84e80015319dc2?s=256&#038;d=mm&#038;r=g 2x' class='avatar avatar-128 photo' height='128' width='128' decoding='async'\/>"},"pbg_comment_info":" No Comments","pbg_excerpt":"Start a Pricing Journey That\u2019s Tailored to Your Needs Ready to unlock your data, uncover opportunities for upsells, cross-sells, price increases and a larger market share? Interested in enabling your sales team to close deals more quickly and efficiently? After filling out this form, you\u2019ll hear from an experienced professional. If you\u2019d like to speak&hellip;","_links":{"self":[{"href":"https:\/\/cupset.app\/de\/wp-json\/wp\/v2\/pages\/16164","targetHints":{"allow":["GET"]}}],"collection":[{"href":"https:\/\/cupset.app\/de\/wp-json\/wp\/v2\/pages"}],"about":[{"href":"https:\/\/cupset.app\/de\/wp-json\/wp\/v2\/types\/page"}],"author":[{"embeddable":true,"href":"https:\/\/cupset.app\/de\/wp-json\/wp\/v2\/users\/1"}],"replies":[{"embeddable":true,"href":"https:\/\/cupset.app\/de\/wp-json\/wp\/v2\/comments?post=16164"}],"version-history":[{"count":29,"href":"https:\/\/cupset.app\/de\/wp-json\/wp\/v2\/pages\/16164\/revisions"}],"predecessor-version":[{"id":19713,"href":"https:\/\/cupset.app\/de\/wp-json\/wp\/v2\/pages\/16164\/revisions\/19713"}],"wp:featuredmedia":[{"embeddable":true,"href":"https:\/\/cupset.app\/de\/wp-json\/wp\/v2\/media\/15680"}],"wp:attachment":[{"href":"https:\/\/cupset.app\/de\/wp-json\/wp\/v2\/media?parent=16164"}],"curies":[{"name":"wp","href":"https:\/\/api.w.org\/{rel}","templated":true}]}}